{"id":14,"date":"2019-11-02T11:23:10","date_gmt":"2019-11-02T11:23:10","guid":{"rendered":"https:\/\/jungschuetzen-vsg.militaerschuetzen-spiez.ch\/?page_id=14"},"modified":"2022-01-26T15:52:12","modified_gmt":"2022-01-26T14:52:12","slug":"home","status":"publish","type":"page","link":"https:\/\/js.militaerschuetzen-spiez.ch\/","title":{"rendered":"Home"},"content":{"rendered":"\n<p class=\"has-medium-font-size\">Herzlich willkommen bei den Jungsch\u00fctzen Spiez. Gerne stellen wir dir an dieser Stelle das Schiessangebot f\u00fcr Jungsch\u00fctzen vor. Hier kannst du dich \u00fcber die n\u00e4chsten Termine informieren, diverse Informationen zu Schiessbetrieb abholen oder dich auch f\u00fcr den n\u00e4chsten <a href=\"https:\/\/js.militaerschuetzen-spiez.ch\/index.php\/anmeldung-js-kurs-2022-kurs\/\">Jungsch\u00fctzenkurs anmelden<\/a>. Bei Fragen oder Anregungen erreichst du uns ganz einfach \u00fcber das <a href=\"https:\/\/js.militaerschuetzen-spiez.ch\/index.php\/kontaktformular\/\">Kontaktformular<\/a>.<\/p>\n\n\n\n<p><\/p>\n","protected":false},"excerpt":{"rendered":"<p>Herzlich willkommen bei den Jungsch\u00fctzen Spiez. Gerne stellen wir dir an dieser Stelle das Schiessangebot f\u00fcr Jungsch\u00fctzen vor. Hier kannst du dich \u00fcber die n\u00e4chsten Termine informieren, diverse Informationen zu &#8230;<\/p>\n","protected":false},"author":2,"featured_media":0,"parent":0,"menu_order":0,"comment_status":"closed","ping_status":"closed","template":"","meta":{"footnotes":""},"class_list":["post-14","page","type-page","status-publish","hentry"],"_links":{"self":[{"href":"https:\/\/js.militaerschuetzen-spiez.ch\/index.php\/wp-json\/wp\/v2\/pages\/14","targetHints":{"allow":["GET"]}}],"collection":[{"href":"https:\/\/js.militaerschuetzen-spiez.ch\/index.php\/wp-json\/wp\/v2\/pages"}],"about":[{"href":"https:\/\/js.militaerschuetzen-spiez.ch\/index.php\/wp-json\/wp\/v2\/types\/page"}],"author":[{"embeddable":true,"href":"https:\/\/js.militaerschuetzen-spiez.ch\/index.php\/wp-json\/wp\/v2\/users\/2"}],"replies":[{"embeddable":true,"href":"https:\/\/js.militaerschuetzen-spiez.ch\/index.php\/wp-json\/wp\/v2\/comments?post=14"}],"version-history":[{"count":8,"href":"https:\/\/js.militaerschuetzen-spiez.ch\/index.php\/wp-json\/wp\/v2\/pages\/14\/revisions"}],"predecessor-version":[{"id":113,"href":"https:\/\/js.militaerschuetzen-spiez.ch\/index.php\/wp-json\/wp\/v2\/pages\/14\/revisions\/113"}],"wp:attachment":[{"href":"https:\/\/js.militaerschuetzen-spiez.ch\/index.php\/wp-json\/wp\/v2\/media?parent=14"}],"curies":[{"name":"wp","href":"https:\/\/api.w.org\/{rel}","templated":true}]}}